{"id":2418,"date":"2016-11-01T15:40:25","date_gmt":"2016-11-01T15:40:25","guid":{"rendered":"https:\/\/demo.dl24.top\/?page_id=2418"},"modified":"2023-04-22T15:38:34","modified_gmt":"2023-04-22T15:38:34","slug":"biographie","status":"publish","type":"page","link":"https:\/\/drshakibaie.com\/de\/biographie\/","title":{"rendered":"Biographie"},"content":{"rendered":"<div class=\"fusion-fullwidth fullwidth-box fusion-builder-row-1 fusion-flex-container nonhundred-percent-fullwidth non-hundred-percent-height-scrolling\" style=\"--awb-border-radius-top-left:0px;--awb-border-radius-top-right:0px;--awb-border-radius-bottom-right:0px;--awb-border-radius-bottom-left:0px;--awb-background-color:var(--awb-color2);--awb-flex-wrap:wrap;\" ><div class=\"fusion-builder-row fusion-row fusion-flex-align-items-center fusion-flex-content-wrap\" style=\"max-width:1216.8px;margin-left: calc(-4% \/ 2 );margin-right: calc(-4% \/ 2 );\"><div class=\"fusion-layout-column fusion_builder_column fusion-builder-column-0 fusion_builder_column_1_1 1_1 fusion-flex-column\" style=\"--awb-padding-bottom:-10%;--awb-bg-blend:overlay;--awb-bg-size:cover;--awb-width-large:100%;--awb-margin-top-large:100px;--awb-spacing-right-large:1.92%;--awb-margin-bottom-large:0px;--awb-spacing-left-large:1.92%;--awb-width-medium:100%;--awb-order-medium:1;--awb-spacing-right-medium:2.88%;--awb-spacing-left-medium:2.88%;--awb-width-small:100%;--awb-order-small:0;--awb-spacing-right-small:1.92%;--awb-margin-bottom-small:6%;--awb-spacing-left-small:1.92%;\" data-scroll-devices=\"small-visibility,medium-visibility,large-visibility\"><div class=\"fusion-column-wrapper fusion-column-has-shadow fusion-flex-justify-content-center fusion-content-layout-column\"><div class=\"fusion-title title fusion-title-1 fusion-sep-none fusion-title-text fusion-title-size-div\" style=\"--awb-text-color:#000000;--awb-margin-left:-4px;--awb-font-size:38px;\"><div class=\"fusion-title-heading title-heading-left title-heading-tag fusion-responsive-typography-calculated\" style=\"font-family:&quot;Aller Light&quot;;font-style:normal;font-weight:400;margin:0;font-size:1em;--fontSize:38;line-height:0.89;\"><span style=\"font-family: 'aller light', sans-serif; color: #000000;\">Dr. Behnam Shakibaie<\/span><\/div><\/div><div class=\"fusion-separator\" style=\"align-self: flex-start;margin-right:auto;flex-grow:6;margin-bottom:70px;width:100%;max-width:362px;\"><div class=\"fusion-separator-border sep-single sep-solid\" style=\"--awb-height:20px;--awb-amount:20px;--awb-sep-color:#000000;border-color:#000000;border-top-width:2px;\"><\/div><\/div><div class=\"fusion-text fusion-text-1 fusion-text-no-margin\" style=\"--awb-margin-bottom:100px;\"><p style=\"text-align: justify;\"><span style=\"color: #000000; font-family: 'aller light', sans-serif; font-size: 14pt;\">Dr. Behnam Shakibaie wurde 1972 in Ahwaz im S\u00fcden des Irans geboren. 1986 zog er nach Deutschland, um seine Ausbildung fortzusetzen. Nachdem er 1991 die Oberschule in Berlin absolviert hatte, begann er 1992 mit dem Zahnmedizinstudium an der Berliner Charite, das er 1998 regulaer beendete.<\/span><\/p>\n<p style=\"text-align: justify;\"><span style=\"color: #000000; font-family: 'aller light', sans-serif; font-size: 14pt;\">Er bekam Leidenschaft f\u00fcr die Oralchirurgie w\u00e4hrend seiner Doktorarbeit \u00fcber die Gesteuerte Knochenregeneration (GBR) an der Abteilung fuer Oralchirurgie der Berliner Charite von 1997-2001 unter der Leitung von Herrn Professor P. A. Reichart.<\/span><\/p>\n<p style=\"text-align: justify;\"><span style=\"color: #000000; font-family: 'aller light', sans-serif; font-size: 14pt;\">In der Folge setzte Shakibaie seine professionelle Ausbildung mit Spezialisierung in der Oralchirurgie an der Berliner Charite und der Universit\u00e4t Bonn von 1999-2003, postgradualem Mastership in Implantologie bei DGI in Deutschland von 2005-2007, postgradualem Mastership in Parodontologie von 2006-2008 bei DGP in Deutschland und der Spezialisierung in oraler Mikrochirurgie und Mikrozahnheilkunde von 2007-2009 an der Zeiss International Dental Academy in der Schweiz fort.<\/span><\/p>\n<p style=\"text-align: justify;\"><span style=\"color: #000000; font-family: 'aller light', sans-serif; font-size: 14pt;\">Seiner tiefen Hingabe zur Reduzierung des Operationstraumas und Erhoehung der Behandlungssicherheit der Patienten folgend, treibt er seit 2005 seine technischen Neuentwicklungen von Methoden, Instrumenten und wissenschaftlichen Veroeffentlichungen im Bereich der mikrochirurgischen Implantologie und Kieferknochenaufbautechniken voran..<\/span><\/p>\n<p style=\"text-align: justify;\"><span style=\"color: #000000; font-family: 'aller light', sans-serif; font-size: 14pt;\">Zieht man seine ver\u00f6ffentlichten Innovationen und internationale Lehrtaetigkeit der letzten zehn Jahren in Betracht, kann man Dr. Shakibaie zu den wichtigsten Pioniere der neuen Disziplin \u201eMikroskopische Implantat- und Kieferknochenaufbauchirurgie\u201c in der Welt zaehlen.<\/span><\/p>\n<p style=\"text-align: justify;\"><span style=\"color: #000000; font-family: 'aller light', sans-serif; font-size: 14pt;\">Derzeit ist er Leiter der \u201eImplantologieabteilung\u201c der Weltgr\u00f6\u00dften Mikrozahnheilkundegemeinschaft \u201eMicrovision\u201c mit \u00fcber 60.000 Zahn\u00e4rzten als Mitglieder aus 135 L\u00e4ndern sowie Leiter der \u201eImplantologiebteilung\u201c der renommierten Zeiss International Dental Academy.<\/span><\/p>\n<p style=\"text-align: justify;\"><span style=\"color: #000000; font-family: 'aller light', sans-serif; font-size: 14pt;\">Die Erstver\u00f6ffentlichung seiner weltweit bekanntesten mikrochirurgischen Technik, Mikroskopgefuehrte Externe Sinusbodenelevation (MGES) brachte ihm den \u201ePraktiker Best Preis\u201c der Deutschen Gesellschaft f\u00fcr Parodontologie (DGP) im Jahr 2007.<\/span><\/p>\n<p style=\"text-align: justify;\"><span style=\"color: #000000; font-family: 'aller light', sans-serif; font-size: 14pt;\">F\u00fcr seine laufenden Innovationen und Forschungsleistungen erhielt er weitere international renommierte Preise wie \u201eErsten Deutschen Periodontologie-Forschungspreis\u201c im Jahr 2010, \u201eInternational Professor Yalda Award for Medical Science\u201c im Jahr 2011, \u201eExcellence Award\u201c von Zeiss International Dental Academy im Jahr 2012, \u201eBest Presentation Award\u201c of US Congress of Microdentistry im Jahr 2014 .<\/span><\/p>\n<p style=\"text-align: justify;\"><span style=\"color: #000000; font-family: 'aller light', sans-serif; font-size: 14pt;\">Dr. Shakibaie\u2019s Spezialklinik in Teheran, IRAN gehoert zu den weltweit f\u00fchrenden Zentren im Bereich der \u201eMikroskopischen und Digitalen Zahnheilkunde\u201c.<\/span><\/p>\n<\/div><\/div><\/div><\/div><\/div>\n","protected":false},"excerpt":{"rendered":"","protected":false},"author":3,"featured_media":0,"parent":0,"menu_order":0,"comment_status":"closed","ping_status":"closed","template":"100-width.php","meta":{"footnotes":""},"class_list":["post-2418","page","type-page","status-publish","hentry"],"_links":{"self":[{"href":"https:\/\/drshakibaie.com\/de\/wp-json\/wp\/v2\/pages\/2418","targetHints":{"allow":["GET"]}}],"collection":[{"href":"https:\/\/drshakibaie.com\/de\/wp-json\/wp\/v2\/pages"}],"about":[{"href":"https:\/\/drshakibaie.com\/de\/wp-json\/wp\/v2\/types\/page"}],"author":[{"embeddable":true,"href":"https:\/\/drshakibaie.com\/de\/wp-json\/wp\/v2\/users\/3"}],"replies":[{"embeddable":true,"href":"https:\/\/drshakibaie.com\/de\/wp-json\/wp\/v2\/comments?post=2418"}],"version-history":[{"count":12,"href":"https:\/\/drshakibaie.com\/de\/wp-json\/wp\/v2\/pages\/2418\/revisions"}],"predecessor-version":[{"id":2831,"href":"https:\/\/drshakibaie.com\/de\/wp-json\/wp\/v2\/pages\/2418\/revisions\/2831"}],"wp:attachment":[{"href":"https:\/\/drshakibaie.com\/de\/wp-json\/wp\/v2\/media?parent=2418"}],"curies":[{"name":"wp","href":"https:\/\/api.w.org\/{rel}","templated":true}]}}